{"id":1051,"date":"2025-11-12T15:47:54","date_gmt":"2025-11-12T15:47:54","guid":{"rendered":"https:\/\/thalamus.global\/?page_id=1051"},"modified":"2025-12-26T18:07:26","modified_gmt":"2025-12-26T18:07:26","slug":"politicas","status":"publish","type":"page","link":"https:\/\/thalamus.global\/en\/politicas\/","title":{"rendered":"politicas"},"content":{"rendered":"<div data-elementor-type=\"wp-page\" data-elementor-id=\"1051\" class=\"elementor elementor-1051\" data-elementor-post-type=\"page\">\n\t\t\t\t<div class=\"elementor-element elementor-element-44352c9 e-flex e-con-boxed e-con e-parent\" data-id=\"44352c9\" data-element_type=\"container\" data-e-type=\"container\">\n\t\t\t\t\t<div class=\"e-con-inner\">\n\t\t<div class=\"elementor-element elementor-element-0e0056a e-con-full e-flex e-con e-child\" data-id=\"0e0056a\" data-element_type=\"container\" data-e-type=\"container\">\n\t\t\t\t<div class=\"elementor-element elementor-element-86992ed elementor-widget elementor-widget-image\" data-id=\"86992ed\" data-element_type=\"widget\" data-e-type=\"widget\" data-widget_type=\"image.default\">\n\t\t\t\t\t\t\t\t\t\t\t\t\t\t\t<img fetchpriority=\"high\" decoding=\"async\" width=\"800\" height=\"259\" src=\"https:\/\/thalamus.global\/wp-content\/uploads\/2025\/12\/Sello_90001_Thalamus-2-1024x332.png\" class=\"attachment-large size-large wp-image-1580\" alt=\"\" srcset=\"https:\/\/thalamus.global\/wp-content\/uploads\/2025\/12\/Sello_90001_Thalamus-2-1024x332.png 1024w, https:\/\/thalamus.global\/wp-content\/uploads\/2025\/12\/Sello_90001_Thalamus-2-300x97.png 300w, https:\/\/thalamus.global\/wp-content\/uploads\/2025\/12\/Sello_90001_Thalamus-2-768x249.png 768w, https:\/\/thalamus.global\/wp-content\/uploads\/2025\/12\/Sello_90001_Thalamus-2-18x6.png 18w, https:\/\/thalamus.global\/wp-content\/uploads\/2025\/12\/Sello_90001_Thalamus-2.png 1220w\" sizes=\"(max-width: 800px) 100vw, 800px\" \/>\t\t\t\t\t\t\t\t\t\t\t\t\t\t\t<\/div>\n\t\t\t\t<div class=\"elementor-element elementor-element-454c27d elementor-widget elementor-widget-image\" data-id=\"454c27d\" data-element_type=\"widget\" data-e-type=\"widget\" data-widget_type=\"image.default\">\n\t\t\t\t\t\t\t\t\t\t\t\t\t\t\t<img decoding=\"async\" width=\"800\" height=\"272\" src=\"https:\/\/thalamus.global\/wp-content\/uploads\/2025\/12\/Sello_27001_Thalamus-2.png\" class=\"attachment-large size-large wp-image-1579\" alt=\"\" srcset=\"https:\/\/thalamus.global\/wp-content\/uploads\/2025\/12\/Sello_27001_Thalamus-2.png 870w, https:\/\/thalamus.global\/wp-content\/uploads\/2025\/12\/Sello_27001_Thalamus-2-300x102.png 300w, https:\/\/thalamus.global\/wp-content\/uploads\/2025\/12\/Sello_27001_Thalamus-2-768x261.png 768w, https:\/\/thalamus.global\/wp-content\/uploads\/2025\/12\/Sello_27001_Thalamus-2-18x6.png 18w\" sizes=\"(max-width: 800px) 100vw, 800px\" \/>\t\t\t\t\t\t\t\t\t\t\t\t\t\t\t<\/div>\n\t\t\t\t<div class=\"elementor-element elementor-element-0be5692 elementor-widget elementor-widget-text-editor\" data-id=\"0be5692\" data-element_type=\"widget\" data-e-type=\"widget\" data-widget_type=\"text-editor.default\">\n\t\t\t\t\t\t\t\t\t<p>Commercialization, design, development, implementation, support, monitoring and\noperational maintenance of applications for Relationship Marketing SaaS, focused on\nsecurity and personal data protection.<\/p>\t\t\t\t\t\t\t\t<\/div>\n\t\t\t\t<\/div>\n\t\t<div class=\"elementor-element elementor-element-a7a9cdd e-con-full e-flex e-con e-child\" data-id=\"a7a9cdd\" data-element_type=\"container\" data-e-type=\"container\">\n\t\t\t\t<div class=\"elementor-element elementor-element-5dac5d2 elementor-widget elementor-widget-heading\" data-id=\"5dac5d2\" data-element_type=\"widget\" data-e-type=\"widget\" data-widget_type=\"heading.default\">\n\t\t\t\t\t<h2 class=\"elementor-heading-title elementor-size-default\">INFORMATION SECURITY POLICY<\/h2>\t\t\t\t<\/div>\n\t\t\t\t<div class=\"elementor-element elementor-element-c51799a elementor-widget elementor-widget-heading\" data-id=\"c51799a\" data-element_type=\"widget\" data-e-type=\"widget\" data-widget_type=\"heading.default\">\n\t\t\t\t\t<h2 class=\"elementor-heading-title elementor-size-default\">IRAM-ISO 9001 and IRAM-ISO\/IEC 27001<\/h2>\t\t\t\t<\/div>\n\t\t\t\t<div class=\"elementor-element elementor-element-0876dda elementor-widget elementor-widget-text-editor\" data-id=\"0876dda\" data-element_type=\"widget\" data-e-type=\"widget\" data-widget_type=\"text-editor.default\">\n\t\t\t\t\t\t\t\t\t<p>Those of us who make up THALAMUS S.A. consider both Quality and<br \/>Information Security to be priority matters.<\/p><p>For this reason, our organization has decided to implement and maintain an Integrated<br \/>Management System (IMS) that addresses both Quality and Information Security,<br \/>taking as reference the IRAM-ISO 9001 and IRAM-ISO\/IEC 27001 standards.<br \/><br \/><strong>Within the framework of this commitment, we highlight the following key pillars:\u00a0<\/strong><\/p><ul><li>Taking into account the context of the organization, our purpose is to maintain effective communication with interested parties in order to continuously improve our results in terms of staff training and motivation, provide services of excellence, and focus on customer requirements and information security in general, and on the protection of personal data in particular, thereby supporting our strategic direction.\u00a0<\/li><li>To provide a framework for establishing, measuring, and monitoring quality and information security objectives, with the aim of continuously improving our results in internal processes and those defined by our organization.\u00a0<\/li><li>We commit to complying with applicable and current legal requirements in order to satisfy regulatory obligations related to our business and the reference standards, in each market where our clients operate, defining the framework within which these policies apply, as well as the legal regulations related to Data Protection (Habeas Data) laws and industry best practices regarding information security and\nproper use of information.<br \/>aplicables, legales y vigentes en lo que refiere a nuestro negocio y en relaci\u00f3n a las normas de referencia, en cada mercado donde operan nuestros clientes.<br \/>Definiendo el marco en el que las presentes pol\u00edticas y lo normativo legal relacionado con las leyes de Habeas Data y las mejores pr\u00e1cticas de la industria en lo referido a seguridad y buen uso de la informaci\u00f3n.<\/li><li>We commit to the continuous improvement of information security and the quality of our integrated management system, as well as our services, with the aim of generating a sustainable business in the medium term.<p>The analysis and treatment of risks and opportunities are considered for the quality\nmanagement system and for the definition and control of Information Security\nrequirements, in order to preserve the confidentiality, integrity, and availability of\ninformation.<\/p><\/li><\/ul>\t\t\t\t\t\t\t\t<\/div>\n\t\t\t\t<\/div>\n\t\t\t\t\t<\/div>\n\t\t\t\t<\/div>\n\t\t\t\t<\/div>","protected":false},"excerpt":{"rendered":"<p>Comercializaci\u00f3n, dise\u00f1o, desarrollo, implementaci\u00f3n, soporte, monitoreo y mantenimiento operativo de los aplicativos para marketing relacional en la modalidad SaaS (software as a service), con foco en seguridad y protecci\u00f3n de datos personales. POL\u00cdTICA DE SEGURIDAD DE LA INFORMACI\u00d3N IRAM-ISO 9001 e IRAM-ISO\/IEC 27001 Quienes integramos THALAMUS S.A. consideramos que tanto la calidad como laSeguridad de [&hellip;]<\/p>\n","protected":false},"author":2,"featured_media":0,"parent":0,"menu_order":0,"comment_status":"closed","ping_status":"closed","template":"elementor_header_footer","meta":{"footnotes":""},"class_list":["post-1051","page","type-page","status-publish","hentry"],"_links":{"self":[{"href":"https:\/\/thalamus.global\/en\/wp-json\/wp\/v2\/pages\/1051","targetHints":{"allow":["GET"]}}],"collection":[{"href":"https:\/\/thalamus.global\/en\/wp-json\/wp\/v2\/pages"}],"about":[{"href":"https:\/\/thalamus.global\/en\/wp-json\/wp\/v2\/types\/page"}],"author":[{"embeddable":true,"href":"https:\/\/thalamus.global\/en\/wp-json\/wp\/v2\/users\/2"}],"replies":[{"embeddable":true,"href":"https:\/\/thalamus.global\/en\/wp-json\/wp\/v2\/comments?post=1051"}],"version-history":[{"count":5,"href":"https:\/\/thalamus.global\/en\/wp-json\/wp\/v2\/pages\/1051\/revisions"}],"predecessor-version":[{"id":1583,"href":"https:\/\/thalamus.global\/en\/wp-json\/wp\/v2\/pages\/1051\/revisions\/1583"}],"wp:attachment":[{"href":"https:\/\/thalamus.global\/en\/wp-json\/wp\/v2\/media?parent=1051"}],"curies":[{"name":"wp","href":"https:\/\/api.w.org\/{rel}","templated":true}]}}